{"id":581,"date":"2022-01-26T16:30:34","date_gmt":"2022-01-26T16:30:34","guid":{"rendered":"http:\/\/tocineriamario.com\/nosaltres\/"},"modified":"2022-10-25T10:21:41","modified_gmt":"2022-10-25T10:21:41","slug":"nosotros","status":"publish","type":"page","link":"https:\/\/www.tocineriamario.com\/es\/nosotros\/","title":{"rendered":"Nosotros"},"content":{"rendered":"\t\t<div data-elementor-type=\"wp-page\" data-elementor-id=\"581\" class=\"elementor elementor-581 elementor-134\" data-elementor-post-type=\"page\">\n\t\t\t\t\t\t<section class=\"elementor-section elementor-top-section elementor-element elementor-element-14b6bb8c elementor-section-full_width elementor-section-content-top elementor-section-height-default elementor-section-height-default\" data-id=\"14b6bb8c\" data-element_type=\"section\" data-e-type=\"section\">\n\t\t\t\t\t\t<div class=\"elementor-container elementor-column-gap-no\">\n\t\t\t\t\t<div class=\"elementor-column elementor-col-50 elementor-top-column elementor-element elementor-element-100544b1\" data-id=\"100544b1\" data-element_type=\"column\" data-e-type=\"column\">\n\t\t\t<div class=\"elementor-widget-wrap elementor-element-populated\">\n\t\t\t\t\t\t<div class=\"elementor-element elementor-element-229986fa elementor-widget elementor-widget-image\" data-id=\"229986fa\" data-element_type=\"widget\" data-e-type=\"widget\" data-widget_type=\"image.default\">\n\t\t\t\t<div class=\"elementor-widget-container\">\n\t\t\t\t\t\t\t\t\t\t\t\t\t\t\t<img fetchpriority=\"high\" decoding=\"async\" width=\"1600\" height=\"1066\" src=\"https:\/\/www.tocineriamario.com\/wp-content\/uploads\/2022\/02\/Paltruc-Negra-amb-LLengua-2.jpg\" class=\"attachment-full size-full wp-image-369\" alt=\"\" srcset=\"https:\/\/www.tocineriamario.com\/wp-content\/uploads\/2022\/02\/Paltruc-Negra-amb-LLengua-2.jpg 1600w, https:\/\/www.tocineriamario.com\/wp-content\/uploads\/2022\/02\/Paltruc-Negra-amb-LLengua-2-300x200.jpg 300w, https:\/\/www.tocineriamario.com\/wp-content\/uploads\/2022\/02\/Paltruc-Negra-amb-LLengua-2-1030x686.jpg 1030w, https:\/\/www.tocineriamario.com\/wp-content\/uploads\/2022\/02\/Paltruc-Negra-amb-LLengua-2-768x512.jpg 768w, https:\/\/www.tocineriamario.com\/wp-content\/uploads\/2022\/02\/Paltruc-Negra-amb-LLengua-2-1536x1023.jpg 1536w, https:\/\/www.tocineriamario.com\/wp-content\/uploads\/2022\/02\/Paltruc-Negra-amb-LLengua-2-1200x800.jpg 1200w\" sizes=\"(max-width: 1600px) 100vw, 1600px\" \/>\t\t\t\t\t\t\t\t\t\t\t\t\t\t\t<\/div>\n\t\t\t\t<\/div>\n\t\t\t\t\t<\/div>\n\t\t<\/div>\n\t\t\t\t<div class=\"elementor-column elementor-col-50 elementor-top-column elementor-element elementor-element-595c3087\" data-id=\"595c3087\" data-element_type=\"column\" data-e-type=\"column\">\n\t\t\t<div class=\"elementor-widget-wrap elementor-element-populated\">\n\t\t\t\t\t\t<div class=\"elementor-element elementor-element-5b5ccbe8 elementor-widget elementor-widget-heading\" data-id=\"5b5ccbe8\" data-element_type=\"widget\" data-e-type=\"widget\" data-widget_type=\"heading.default\">\n\t\t\t\t<div class=\"elementor-widget-container\">\n\t\t\t\t\t<h1 class=\"elementor-heading-title elementor-size-default\">carne de  calidad<\/h1>\t\t\t\t<\/div>\n\t\t\t\t<\/div>\n\t\t\t\t<div class=\"elementor-element elementor-element-131fb39d elementor-invisible elementor-widget elementor-widget-heading\" data-id=\"131fb39d\" data-element_type=\"widget\" data-e-type=\"widget\" data-settings=\"{&quot;_animation&quot;:&quot;fadeInDown&quot;}\" data-widget_type=\"heading.default\">\n\t\t\t\t<div class=\"elementor-widget-container\">\n\t\t\t\t\t<h2 class=\"elementor-heading-title elementor-size-default\">M\u00e1s de 5 d\u00e9cadas<\/h2>\t\t\t\t<\/div>\n\t\t\t\t<\/div>\n\t\t\t\t<section class=\"elementor-section elementor-inner-section elementor-element elementor-element-956574 elementor-section-boxed elementor-section-height-default elementor-section-height-default\" data-id=\"956574\" data-element_type=\"section\" data-e-type=\"section\">\n\t\t\t\t\t\t<div class=\"elementor-container elementor-column-gap-no\">\n\t\t\t\t\t<div class=\"elementor-column elementor-col-100 elementor-inner-column elementor-element elementor-element-40f6d973\" data-id=\"40f6d973\" data-element_type=\"column\" data-e-type=\"column\">\n\t\t\t<div class=\"elementor-widget-wrap elementor-element-populated\">\n\t\t\t\t\t\t<div class=\"elementor-element elementor-element-7c9e3f07 elementor-widget__width-initial elementor-widget elementor-widget-image\" data-id=\"7c9e3f07\" data-element_type=\"widget\" data-e-type=\"widget\" data-widget_type=\"image.default\">\n\t\t\t\t<div class=\"elementor-widget-container\">\n\t\t\t\t\t\t\t\t\t\t\t\t\t\t\t<img decoding=\"async\" width=\"602\" height=\"1419\" src=\"https:\/\/www.tocineriamario.com\/wp-content\/uploads\/2022\/02\/obrador-1.png\" class=\"attachment-full size-full wp-image-436\" alt=\"\" srcset=\"https:\/\/www.tocineriamario.com\/wp-content\/uploads\/2022\/02\/obrador-1.png 602w, https:\/\/www.tocineriamario.com\/wp-content\/uploads\/2022\/02\/obrador-1-127x300.png 127w, https:\/\/www.tocineriamario.com\/wp-content\/uploads\/2022\/02\/obrador-1-437x1030.png 437w\" sizes=\"(max-width: 602px) 100vw, 602px\" \/>\t\t\t\t\t\t\t\t\t\t\t\t\t\t\t<\/div>\n\t\t\t\t<\/div>\n\t\t\t\t<div class=\"elementor-element elementor-element-15f7b468 elementor-widget__width-initial animated-slow elementor-invisible elementor-widget elementor-widget-image\" data-id=\"15f7b468\" data-element_type=\"widget\" data-e-type=\"widget\" data-settings=\"{&quot;_animation&quot;:&quot;fadeInUp&quot;}\" data-widget_type=\"image.default\">\n\t\t\t\t<div class=\"elementor-widget-container\">\n\t\t\t\t\t\t\t\t\t\t\t\t\t\t\t<img decoding=\"async\" width=\"602\" height=\"1419\" src=\"https:\/\/www.tocineriamario.com\/wp-content\/uploads\/2022\/02\/obrador-2.png\" class=\"attachment-full size-full wp-image-438\" alt=\"\" srcset=\"https:\/\/www.tocineriamario.com\/wp-content\/uploads\/2022\/02\/obrador-2.png 602w, https:\/\/www.tocineriamario.com\/wp-content\/uploads\/2022\/02\/obrador-2-127x300.png 127w, https:\/\/www.tocineriamario.com\/wp-content\/uploads\/2022\/02\/obrador-2-437x1030.png 437w\" sizes=\"(max-width: 602px) 100vw, 602px\" \/>\t\t\t\t\t\t\t\t\t\t\t\t\t\t\t<\/div>\n\t\t\t\t<\/div>\n\t\t\t\t\t<\/div>\n\t\t<\/div>\n\t\t\t\t\t<\/div>\n\t\t<\/section>\n\t\t\t\t\t<\/div>\n\t\t<\/div>\n\t\t\t\t\t<\/div>\n\t\t<\/section>\n\t\t\t\t<section class=\"elementor-section elementor-top-section elementor-element elementor-element-8fb7d65 elementor-section-full_width elementor-section-height-default elementor-section-height-default\" data-id=\"8fb7d65\" data-element_type=\"section\" data-e-type=\"section\">\n\t\t\t\t\t\t<div class=\"elementor-container elementor-column-gap-no\">\n\t\t\t\t\t<div class=\"elementor-column elementor-col-50 elementor-top-column elementor-element elementor-element-3009b251\" data-id=\"3009b251\" data-element_type=\"column\" data-e-type=\"column\">\n\t\t\t<div class=\"elementor-widget-wrap elementor-element-populated\">\n\t\t\t\t\t\t<div class=\"elementor-element elementor-element-2d4c4b85 elementor-widget elementor-widget-heading\" data-id=\"2d4c4b85\" data-element_type=\"widget\" data-e-type=\"widget\" data-widget_type=\"heading.default\">\n\t\t\t\t<div class=\"elementor-widget-container\">\n\t\t\t\t\t<h6 class=\"elementor-heading-title elementor-size-default\">una tradici\u00f3n familiar<\/h6>\t\t\t\t<\/div>\n\t\t\t\t<\/div>\n\t\t\t\t<div class=\"elementor-element elementor-element-49829745 elementor-widget elementor-widget-heading\" data-id=\"49829745\" data-element_type=\"widget\" data-e-type=\"widget\" data-widget_type=\"heading.default\">\n\t\t\t\t<div class=\"elementor-widget-container\">\n\t\t\t\t\t<h2 class=\"elementor-heading-title elementor-size-default\">nuestra historia<\/h2>\t\t\t\t<\/div>\n\t\t\t\t<\/div>\n\t\t\t\t<div class=\"elementor-element elementor-element-bc85147 elementor-widget elementor-widget-text-editor\" data-id=\"bc85147\" data-element_type=\"widget\" data-e-type=\"widget\" data-widget_type=\"text-editor.default\">\n\t\t\t\t<div class=\"elementor-widget-container\">\n\t\t\t\t\t\t\t\t\t<p>Nuestra <strong>historia <\/strong>se remonta al a\u00f1o 1968, cuando Mario Mascar\u00f3s, abre un peque\u00f1o obrador en el que elabora y fabrica artesanalmente <strong>embutidos.<\/strong>\u00a0<\/p><p>Con el buen trato y el saber hacer, se gana la <strong>confianza<\/strong> de la gente, y con los clientes <strong>satisfechos<\/strong>, en 1985, ampliamos el negocio y nos trasladamos a la calle de Pals, 92, donde actualmente tenemos el obrador y la tienda.\u00a0<\/p><p>Las instalaciones amplias y modernas hace que podamos seguir ofreciendo la misma calidad de siempre, y nos permite innovar y adaptarnos a los nuevos tiempos.\u00a0<\/p><p>Ahora, con la segunda generaci\u00f3n de <strong>artesanos<\/strong> al frente del negocio, seguimos elaborando a diario nuestros productos y somos <strong>fieles <\/strong>al lema de que \u201cla tradici\u00f3n y la innovaci\u00f3n no est\u00e1n re\u00f1idas\u201d.\u00a0<\/p><p>Trabajamos todos los d\u00edas para ofrecer a nuestros <strong>clientes<\/strong> un trato de calidad y la mejor selecci\u00f3n de productos de <strong>proximidad<\/strong>. Su felicidad es nuestra <strong>prioridad<\/strong>.<\/p>\t\t\t\t\t\t\t\t<\/div>\n\t\t\t\t<\/div>\n\t\t\t\t<div class=\"elementor-element elementor-element-28016fdf elementor-widget elementor-widget-heading\" data-id=\"28016fdf\" data-element_type=\"widget\" data-e-type=\"widget\" data-widget_type=\"heading.default\">\n\t\t\t\t<div class=\"elementor-widget-container\">\n\t\t\t\t\t<h6 class=\"elementor-heading-title elementor-size-default\">Eduard gavi\u00f1a<\/h6>\t\t\t\t<\/div>\n\t\t\t\t<\/div>\n\t\t\t\t<div class=\"elementor-element elementor-element-4462af46 elementor-invisible elementor-widget elementor-widget-icon-box\" data-id=\"4462af46\" data-element_type=\"widget\" data-e-type=\"widget\" data-settings=\"{&quot;_animation&quot;:&quot;fadeIn&quot;}\" data-widget_type=\"icon-box.default\">\n\t\t\t\t<div class=\"elementor-widget-container\">\n\t\t\t\t\t\t\t<div class=\"elementor-icon-box-wrapper\">\n\n\t\t\t\n\t\t\t\t\t\t<div class=\"elementor-icon-box-content\">\n\n\t\t\t\t\t\t\t\t\t<h3 class=\"elementor-icon-box-title\">\n\t\t\t\t\t\t<span  >\n\t\t\t\t\t\t\tingredientes\t\t\t\t\t\t<\/span>\n\t\t\t\t\t<\/h3>\n\t\t\t\t\n\t\t\t\t\t\t\t\t\t<p class=\"elementor-icon-box-description\">\n\t\t\t\t\t\tTodos nuestros productos est\u00e1n elaborados con carnes de proximidad y nuestros cocinados con productos de Km0. Estos son algunos de nuestros proveedores: Carnes Cusisns, Horta Avell\u00ed de LLofriu, Leche de la mas\u00eda Eusebi de Fonteta y Ternera Bencriada de Girona.\t\t\t\t\t<\/p>\n\t\t\t\t\n\t\t\t<\/div>\n\t\t\t\n\t\t<\/div>\n\t\t\t\t\t\t<\/div>\n\t\t\t\t<\/div>\n\t\t\t\t<div class=\"elementor-element elementor-element-7e68eea elementor-invisible elementor-widget elementor-widget-icon-box\" data-id=\"7e68eea\" data-element_type=\"widget\" data-e-type=\"widget\" data-settings=\"{&quot;_animation&quot;:&quot;fadeIn&quot;,&quot;_animation_delay&quot;:200}\" data-widget_type=\"icon-box.default\">\n\t\t\t\t<div class=\"elementor-widget-container\">\n\t\t\t\t\t\t\t<div class=\"elementor-icon-box-wrapper\">\n\n\t\t\t\n\t\t\t\t\t\t<div class=\"elementor-icon-box-content\">\n\n\t\t\t\t\t\t\t\t\t<h3 class=\"elementor-icon-box-title\">\n\t\t\t\t\t\t<span  >\n\t\t\t\t\t\t\tMaestro Artesano\t\t\t\t\t\t<\/span>\n\t\t\t\t\t<\/h3>\n\t\t\t\t\n\t\t\t\t\t\t\t\t\t<p class=\"elementor-icon-box-description\">\n\t\t\t\t\t\tDesde el a\u00f1o 2016 tenemos el reconocimiento del departamento de agricultura, ganader\u00eda, pesca y alimentaci\u00f3n de la Generalitat de Catalu\u00f1a como Empresa de ARTESAN\u00cdA ALIMENTARIA y el t\u00edtulo de MESTRE ARTES\u00c0 CANSALADER Y XARCUTER.\n\t\t\t\t\t<\/p>\n\t\t\t\t\n\t\t\t<\/div>\n\t\t\t\n\t\t<\/div>\n\t\t\t\t\t\t<\/div>\n\t\t\t\t<\/div>\n\t\t\t\t<div class=\"elementor-element elementor-element-2a43cfd elementor-widget elementor-widget-button\" data-id=\"2a43cfd\" data-element_type=\"widget\" data-e-type=\"widget\" data-widget_type=\"button.default\">\n\t\t\t\t<div class=\"elementor-widget-container\">\n\t\t\t\t\t\t\t\t\t<div class=\"elementor-button-wrapper\">\n\t\t\t\t\t<a class=\"elementor-button elementor-button-link elementor-size-sm\" href=\"http:\/\/tocineriamario.com\/productos\/?lang=es\">\n\t\t\t\t\t\t<span class=\"elementor-button-content-wrapper\">\n\t\t\t\t\t\t\t\t\t<span class=\"elementor-button-text\">Conoce nuestros productos<\/span>\n\t\t\t\t\t<\/span>\n\t\t\t\t\t<\/a>\n\t\t\t\t<\/div>\n\t\t\t\t\t\t\t\t<\/div>\n\t\t\t\t<\/div>\n\t\t\t\t\t<\/div>\n\t\t<\/div>\n\t\t\t\t<div class=\"elementor-column elementor-col-50 elementor-top-column elementor-element elementor-element-43814f30\" data-id=\"43814f30\" data-element_type=\"column\" data-e-type=\"column\">\n\t\t\t<div class=\"elementor-widget-wrap elementor-element-populated\">\n\t\t\t\t\t\t<div class=\"elementor-element elementor-element-6cbc3d2b elementor-widget elementor-widget-image\" data-id=\"6cbc3d2b\" data-element_type=\"widget\" data-e-type=\"widget\" data-widget_type=\"image.default\">\n\t\t\t\t<div class=\"elementor-widget-container\">\n\t\t\t\t\t\t\t\t\t\t\t\t\t\t\t<img loading=\"lazy\" decoding=\"async\" width=\"1512\" height=\"1045\" src=\"https:\/\/www.tocineriamario.com\/wp-content\/uploads\/2022\/02\/Carniceria-antiga.jpg\" class=\"attachment-full size-full wp-image-433\" alt=\"\" srcset=\"https:\/\/www.tocineriamario.com\/wp-content\/uploads\/2022\/02\/Carniceria-antiga.jpg 1512w, https:\/\/www.tocineriamario.com\/wp-content\/uploads\/2022\/02\/Carniceria-antiga-300x207.jpg 300w, https:\/\/www.tocineriamario.com\/wp-content\/uploads\/2022\/02\/Carniceria-antiga-1030x712.jpg 1030w, https:\/\/www.tocineriamario.com\/wp-content\/uploads\/2022\/02\/Carniceria-antiga-768x531.jpg 768w, https:\/\/www.tocineriamario.com\/wp-content\/uploads\/2022\/02\/Carniceria-antiga-1200x829.jpg 1200w\" sizes=\"(max-width: 1512px) 100vw, 1512px\" \/>\t\t\t\t\t\t\t\t\t\t\t\t\t\t\t<\/div>\n\t\t\t\t<\/div>\n\t\t\t\t<div class=\"elementor-element elementor-element-12cbd84b elementor-view-default elementor-position-block-start elementor-mobile-position-block-start elementor-widget elementor-widget-icon-box\" data-id=\"12cbd84b\" data-element_type=\"widget\" data-e-type=\"widget\" data-widget_type=\"icon-box.default\">\n\t\t\t\t<div class=\"elementor-widget-container\">\n\t\t\t\t\t\t\t<div class=\"elementor-icon-box-wrapper\">\n\n\t\t\t\t\t\t<div class=\"elementor-icon-box-icon\">\n\t\t\t\t<span  class=\"elementor-icon\">\n\t\t\t\t<svg xmlns=\"http:\/\/www.w3.org\/2000\/svg\" id=\"babd51c6-232f-4668-aa27-cf262924e93d\" data-name=\"Layer 1\" width=\"61.8\" height=\"53.9999\" viewBox=\"0 0 61.8 53.9999\"><path d=\"M58.6,34.2a11.0935,11.0935,0,0,0-8.4-3.6,4.0745,4.0745,0,0,1-3-1,4.5281,4.5281,0,0,1-1-3q0-6.6,4.8-13A39.3606,39.3606,0,0,1,62,3.4L59.8.2Q47.2,6.4,41,15.6a35.6044,35.6044,0,0,0-6,20.2q0,8.2,4,13.4a13.8883,13.8883,0,0,0,11.2,5A11.7892,11.7892,0,0,0,58.6,51a11.0936,11.0936,0,0,0,3.6-8.4A11.0936,11.0936,0,0,0,58.6,34.2Z\" transform=\"translate(-0.4 -0.2)\"><\/path><path d=\"M15.6,30.6a4.0745,4.0745,0,0,1-3-1,4.5281,4.5281,0,0,1-1-3q0-6.6,4.8-13a39.3606,39.3606,0,0,1,11-10.2L25.2.2Q12.6,6.4,6.4,15.6a35.6044,35.6044,0,0,0-6,20.2q0,8.2,4,13.4a13.8883,13.8883,0,0,0,11.2,5A11.7892,11.7892,0,0,0,24,51a11.0936,11.0936,0,0,0,3.6-8.4A11.0936,11.0936,0,0,0,24,34.2,11.0935,11.0935,0,0,0,15.6,30.6Z\" transform=\"translate(-0.4 -0.2)\"><\/path><\/svg>\t\t\t\t<\/span>\n\t\t\t<\/div>\n\t\t\t\n\t\t\t\t\t\t<div class=\"elementor-icon-box-content\">\n\n\t\t\t\t\t\t\t\t\t<h3 class=\"elementor-icon-box-title\">\n\t\t\t\t\t\t<span  >\n\t\t\t\t\t\t\tBalance perfecto entre experiencia y pasi\u00f3n\t\t\t\t\t\t<\/span>\n\t\t\t\t\t<\/h3>\n\t\t\t\t\n\t\t\t\t\t\t\t\t\t<p class=\"elementor-icon-box-description\">\n\t\t\t\t\t\teduard gavi\u00f1a, propietario\t\t\t\t\t<\/p>\n\t\t\t\t\n\t\t\t<\/div>\n\t\t\t\n\t\t<\/div>\n\t\t\t\t\t\t<\/div>\n\t\t\t\t<\/div>\n\t\t\t\t\t<\/div>\n\t\t<\/div>\n\t\t\t\t\t<\/div>\n\t\t<\/section>\n\t\t\t\t<\/div>\n\t\t","protected":false},"excerpt":{"rendered":"<p>carne de calidad M\u00e1s de 5 d\u00e9cadas una tradici\u00f3n familiar nuestra historia Nuestra historia se remonta al a\u00f1o 1968, cuando Mario Mascar\u00f3s, abre un peque\u00f1o obrador en el que elabora y fabrica artesanalmente embutidos.\u00a0 Con el buen trato y el saber hacer, se gana la confianza de la gente, y con los clientes satisfechos, en [&hellip;]<\/p>\n","protected":false},"author":4,"featured_media":0,"parent":0,"menu_order":0,"comment_status":"closed","ping_status":"closed","template":"","meta":{"footnotes":""},"class_list":["post-581","page","type-page","status-publish","hentry"],"yoast_head":"<!-- This site is optimized with the Yoast SEO plugin v27.4 - https:\/\/yoast.com\/product\/yoast-seo-wordpress\/ -->\n<title>Nosotros - Tocinera Mario<\/title>\n<meta name=\"robots\" content=\"index, follow, max-snippet:-1, max-image-preview:large, max-video-preview:-1\" \/>\n<link rel=\"canonical\" href=\"https:\/\/www.tocineriamario.com\/es\/nosotros\/\" \/>\n<meta property=\"og:locale\" content=\"es_ES\" \/>\n<meta property=\"og:type\" content=\"article\" \/>\n<meta property=\"og:title\" content=\"Nosotros - Tocinera Mario\" \/>\n<meta property=\"og:description\" content=\"carne de calidad M\u00e1s de 5 d\u00e9cadas una tradici\u00f3n familiar nuestra historia Nuestra historia se remonta al a\u00f1o 1968, cuando Mario Mascar\u00f3s, abre un peque\u00f1o obrador en el que elabora y fabrica artesanalmente embutidos.\u00a0 Con el buen trato y el saber hacer, se gana la confianza de la gente, y con los clientes satisfechos, en [&hellip;]\" \/>\n<meta property=\"og:url\" content=\"https:\/\/www.tocineriamario.com\/es\/nosotros\/\" \/>\n<meta property=\"og:site_name\" content=\"Tocinera Mario\" \/>\n<meta property=\"article:modified_time\" content=\"2022-10-25T10:21:41+00:00\" \/>\n<meta property=\"og:image\" content=\"http:\/\/tocineriamario.com\/wp-content\/uploads\/2022\/02\/Paltruc-Negra-amb-LLengua-2.jpg\" \/>\n<meta name=\"twitter:card\" content=\"summary_large_image\" \/>\n<meta name=\"twitter:label1\" content=\"Tiempo de lectura\" \/>\n\t<meta name=\"twitter:data1\" content=\"3 minutos\" \/>\n<script type=\"application\/ld+json\" class=\"yoast-schema-graph\">{\"@context\":\"https:\\\/\\\/schema.org\",\"@graph\":[{\"@type\":\"WebPage\",\"@id\":\"https:\\\/\\\/www.tocineriamario.com\\\/es\\\/nosotros\\\/\",\"url\":\"https:\\\/\\\/www.tocineriamario.com\\\/es\\\/nosotros\\\/\",\"name\":\"Nosotros - Tocinera Mario\",\"isPartOf\":{\"@id\":\"https:\\\/\\\/www.tocineriamario.com\\\/es\\\/#website\"},\"primaryImageOfPage\":{\"@id\":\"https:\\\/\\\/www.tocineriamario.com\\\/es\\\/nosotros\\\/#primaryimage\"},\"image\":{\"@id\":\"https:\\\/\\\/www.tocineriamario.com\\\/es\\\/nosotros\\\/#primaryimage\"},\"thumbnailUrl\":\"http:\\\/\\\/tocineriamario.com\\\/wp-content\\\/uploads\\\/2022\\\/02\\\/Paltruc-Negra-amb-LLengua-2.jpg\",\"datePublished\":\"2022-01-26T16:30:34+00:00\",\"dateModified\":\"2022-10-25T10:21:41+00:00\",\"breadcrumb\":{\"@id\":\"https:\\\/\\\/www.tocineriamario.com\\\/es\\\/nosotros\\\/#breadcrumb\"},\"inLanguage\":\"es\",\"potentialAction\":[{\"@type\":\"ReadAction\",\"target\":[\"https:\\\/\\\/www.tocineriamario.com\\\/es\\\/nosotros\\\/\"]}]},{\"@type\":\"ImageObject\",\"inLanguage\":\"es\",\"@id\":\"https:\\\/\\\/www.tocineriamario.com\\\/es\\\/nosotros\\\/#primaryimage\",\"url\":\"http:\\\/\\\/tocineriamario.com\\\/wp-content\\\/uploads\\\/2022\\\/02\\\/Paltruc-Negra-amb-LLengua-2.jpg\",\"contentUrl\":\"http:\\\/\\\/tocineriamario.com\\\/wp-content\\\/uploads\\\/2022\\\/02\\\/Paltruc-Negra-amb-LLengua-2.jpg\"},{\"@type\":\"BreadcrumbList\",\"@id\":\"https:\\\/\\\/www.tocineriamario.com\\\/es\\\/nosotros\\\/#breadcrumb\",\"itemListElement\":[{\"@type\":\"ListItem\",\"position\":1,\"name\":\"Inici\",\"item\":\"https:\\\/\\\/www.tocineriamario.com\\\/es\\\/\"},{\"@type\":\"ListItem\",\"position\":2,\"name\":\"Nosotros\"}]},{\"@type\":\"WebSite\",\"@id\":\"https:\\\/\\\/www.tocineriamario.com\\\/es\\\/#website\",\"url\":\"https:\\\/\\\/www.tocineriamario.com\\\/es\\\/\",\"name\":\"Tocinera Mario\",\"description\":\"\",\"publisher\":{\"@id\":\"https:\\\/\\\/www.tocineriamario.com\\\/es\\\/#organization\"},\"potentialAction\":[{\"@type\":\"SearchAction\",\"target\":{\"@type\":\"EntryPoint\",\"urlTemplate\":\"https:\\\/\\\/www.tocineriamario.com\\\/es\\\/?s={search_term_string}\"},\"query-input\":{\"@type\":\"PropertyValueSpecification\",\"valueRequired\":true,\"valueName\":\"search_term_string\"}}],\"inLanguage\":\"es\"},{\"@type\":\"Organization\",\"@id\":\"https:\\\/\\\/www.tocineriamario.com\\\/es\\\/#organization\",\"name\":\"Tocinera Mario\",\"url\":\"https:\\\/\\\/www.tocineriamario.com\\\/es\\\/\",\"logo\":{\"@type\":\"ImageObject\",\"inLanguage\":\"es\",\"@id\":\"https:\\\/\\\/www.tocineriamario.com\\\/es\\\/#\\\/schema\\\/logo\\\/image\\\/\",\"url\":\"https:\\\/\\\/www.tocineriamario.com\\\/wp-content\\\/uploads\\\/2022\\\/01\\\/cropped-logotip-blanc-tocineria-mario-palafrugell.png\",\"contentUrl\":\"https:\\\/\\\/www.tocineriamario.com\\\/wp-content\\\/uploads\\\/2022\\\/01\\\/cropped-logotip-blanc-tocineria-mario-palafrugell.png\",\"width\":700,\"height\":305,\"caption\":\"Tocinera Mario\"},\"image\":{\"@id\":\"https:\\\/\\\/www.tocineriamario.com\\\/es\\\/#\\\/schema\\\/logo\\\/image\\\/\"}}]}<\/script>\n<!-- \/ Yoast SEO plugin. -->","yoast_head_json":{"title":"Nosotros - Tocinera Mario","robots":{"index":"index","follow":"follow","max-snippet":"max-snippet:-1","max-image-preview":"max-image-preview:large","max-video-preview":"max-video-preview:-1"},"canonical":"https:\/\/www.tocineriamario.com\/es\/nosotros\/","og_locale":"es_ES","og_type":"article","og_title":"Nosotros - Tocinera Mario","og_description":"carne de calidad M\u00e1s de 5 d\u00e9cadas una tradici\u00f3n familiar nuestra historia Nuestra historia se remonta al a\u00f1o 1968, cuando Mario Mascar\u00f3s, abre un peque\u00f1o obrador en el que elabora y fabrica artesanalmente embutidos.\u00a0 Con el buen trato y el saber hacer, se gana la confianza de la gente, y con los clientes satisfechos, en [&hellip;]","og_url":"https:\/\/www.tocineriamario.com\/es\/nosotros\/","og_site_name":"Tocinera Mario","article_modified_time":"2022-10-25T10:21:41+00:00","og_image":[{"url":"http:\/\/tocineriamario.com\/wp-content\/uploads\/2022\/02\/Paltruc-Negra-amb-LLengua-2.jpg","type":"","width":"","height":""}],"twitter_card":"summary_large_image","twitter_misc":{"Tiempo de lectura":"3 minutos"},"schema":{"@context":"https:\/\/schema.org","@graph":[{"@type":"WebPage","@id":"https:\/\/www.tocineriamario.com\/es\/nosotros\/","url":"https:\/\/www.tocineriamario.com\/es\/nosotros\/","name":"Nosotros - Tocinera Mario","isPartOf":{"@id":"https:\/\/www.tocineriamario.com\/es\/#website"},"primaryImageOfPage":{"@id":"https:\/\/www.tocineriamario.com\/es\/nosotros\/#primaryimage"},"image":{"@id":"https:\/\/www.tocineriamario.com\/es\/nosotros\/#primaryimage"},"thumbnailUrl":"http:\/\/tocineriamario.com\/wp-content\/uploads\/2022\/02\/Paltruc-Negra-amb-LLengua-2.jpg","datePublished":"2022-01-26T16:30:34+00:00","dateModified":"2022-10-25T10:21:41+00:00","breadcrumb":{"@id":"https:\/\/www.tocineriamario.com\/es\/nosotros\/#breadcrumb"},"inLanguage":"es","potentialAction":[{"@type":"ReadAction","target":["https:\/\/www.tocineriamario.com\/es\/nosotros\/"]}]},{"@type":"ImageObject","inLanguage":"es","@id":"https:\/\/www.tocineriamario.com\/es\/nosotros\/#primaryimage","url":"http:\/\/tocineriamario.com\/wp-content\/uploads\/2022\/02\/Paltruc-Negra-amb-LLengua-2.jpg","contentUrl":"http:\/\/tocineriamario.com\/wp-content\/uploads\/2022\/02\/Paltruc-Negra-amb-LLengua-2.jpg"},{"@type":"BreadcrumbList","@id":"https:\/\/www.tocineriamario.com\/es\/nosotros\/#breadcrumb","itemListElement":[{"@type":"ListItem","position":1,"name":"Inici","item":"https:\/\/www.tocineriamario.com\/es\/"},{"@type":"ListItem","position":2,"name":"Nosotros"}]},{"@type":"WebSite","@id":"https:\/\/www.tocineriamario.com\/es\/#website","url":"https:\/\/www.tocineriamario.com\/es\/","name":"Tocinera Mario","description":"","publisher":{"@id":"https:\/\/www.tocineriamario.com\/es\/#organization"},"potentialAction":[{"@type":"SearchAction","target":{"@type":"EntryPoint","urlTemplate":"https:\/\/www.tocineriamario.com\/es\/?s={search_term_string}"},"query-input":{"@type":"PropertyValueSpecification","valueRequired":true,"valueName":"search_term_string"}}],"inLanguage":"es"},{"@type":"Organization","@id":"https:\/\/www.tocineriamario.com\/es\/#organization","name":"Tocinera Mario","url":"https:\/\/www.tocineriamario.com\/es\/","logo":{"@type":"ImageObject","inLanguage":"es","@id":"https:\/\/www.tocineriamario.com\/es\/#\/schema\/logo\/image\/","url":"https:\/\/www.tocineriamario.com\/wp-content\/uploads\/2022\/01\/cropped-logotip-blanc-tocineria-mario-palafrugell.png","contentUrl":"https:\/\/www.tocineriamario.com\/wp-content\/uploads\/2022\/01\/cropped-logotip-blanc-tocineria-mario-palafrugell.png","width":700,"height":305,"caption":"Tocinera Mario"},"image":{"@id":"https:\/\/www.tocineriamario.com\/es\/#\/schema\/logo\/image\/"}}]}},"_links":{"self":[{"href":"https:\/\/www.tocineriamario.com\/es\/wp-json\/wp\/v2\/pages\/581","targetHints":{"allow":["GET"]}}],"collection":[{"href":"https:\/\/www.tocineriamario.com\/es\/wp-json\/wp\/v2\/pages"}],"about":[{"href":"https:\/\/www.tocineriamario.com\/es\/wp-json\/wp\/v2\/types\/page"}],"author":[{"embeddable":true,"href":"https:\/\/www.tocineriamario.com\/es\/wp-json\/wp\/v2\/users\/4"}],"replies":[{"embeddable":true,"href":"https:\/\/www.tocineriamario.com\/es\/wp-json\/wp\/v2\/comments?post=581"}],"version-history":[{"count":5,"href":"https:\/\/www.tocineriamario.com\/es\/wp-json\/wp\/v2\/pages\/581\/revisions"}],"predecessor-version":[{"id":618,"href":"https:\/\/www.tocineriamario.com\/es\/wp-json\/wp\/v2\/pages\/581\/revisions\/618"}],"wp:attachment":[{"href":"https:\/\/www.tocineriamario.com\/es\/wp-json\/wp\/v2\/media?parent=581"}],"curies":[{"name":"wp","href":"https:\/\/api.w.org\/{rel}","templated":true}]}}